{"id":13,"date":"2016-03-14T15:24:43","date_gmt":"2016-03-14T15:24:43","guid":{"rendered":"http:\/\/imcturk-deneme.esy.es\/?page_id=13"},"modified":"2026-03-24T22:07:12","modified_gmt":"2026-03-24T19:07:12","slug":"basvurular","status":"publish","type":"page","link":"https:\/\/ccpb.com.tr\/index.php\/basvurular\/","title":{"rendered":"Ba\u015fvurular"},"content":{"rendered":"[vc_row][vc_column width=&#8221;1\/2&#8243;][vc_cta h2=&#8221;CCPB Kontrol ve Sertifikasyon Sistemine Giri\u015f ve Ba\u015fvuru&#8221; color=&#8221;juicy-pink&#8221;]Her t\u00fcrl\u00fc tar\u0131msal \u00fcr\u00fcn ve g\u0131da \u00fcreticileri ve ithalat\/ihracat firmalar\u0131 \u00fcr\u00fcnleri, sistemleri, tesisleri ve sat\u0131\u015f yerleri i\u00e7in CCPB organik tar\u0131m kontrol sistemine giri\u015f ba\u015fvurusunda bulunabilir. CCPB Kontrol Hizmetleri\u2019nden faydalanmak i\u00e7in ba\u015fvuru yap\u0131l\u0131rken, CCPB taraf\u0131ndan haz\u0131rlanm\u0131\u015f olan uygun talep formu (Bu form, CCPB ofislerinden talep edilebilir veya\u00a0<a href=\"https:\/\/ccpb.com.tr\/index.php\/basvurular\/\"><strong>www.ccpb.com.tr\u00a0<\/strong><\/a>sitemizden Ba\u015fvuru b\u00f6l\u00fcm\u00fcnden indirilebilir)<\/p>\n<p>CCPB ofisine, firma yasal temsilcisi taraf\u0131ndan doldurularak g\u00f6nderilmelidir. Ba\u015fvuru an\u0131ndan kabul an\u0131na kadar ge\u00e7en s\u00fcre\u00e7teki takip edilecek ad\u0131mlar ak\u0131\u015f \u015femas\u0131nda g\u00f6sterilmektedir.[\/vc_cta][vc_separator color=&#8221;juicy_pink&#8221; style=&#8221;shadow&#8221; border_width=&#8221;3&#8243;][\/vc_column][vc_column width=&#8221;1\/2&#8243;][vc_cta h2=&#8221;Kontrol ve Sertifikasyon Masraflar\u0131 Ne Kadar Tutar?&#8221; color=&#8221;turquoise&#8221;]CCPB taraf\u0131ndan ger\u00e7ekle\u015ftirilen sertifikasyon faaliyetleri tar\u0131msal g\u0131da end\u00fcstrisinde bir\u00e7ok alan\u0131 kapsamaktad\u0131r. \u0130lgili sertifikasyon program\u0131n\u0131 se\u00e7tikten sonra, formu doldurarak (faks, e-posta veya posta vb.) bize g\u00f6ndermeniz halinde en k\u0131sa s\u00fcrede size detayl\u0131 \u00fccretlendirme ve CCPB kontrol sistemine girebilmek i\u00e7in ba\u015fvurudan kabule kadar olan genel prosed\u00fcrler ve kontrol ve sertifikasyon sisteminin i\u015fleyi\u015fi ile ilgili belgeler iletilecektir.[\/vc_cta][vc_separator color=&#8221;turquoise&#8221; style=&#8221;shadow&#8221; border_width=&#8221;3&#8243;][\/vc_column][\/vc_row][vc_row][vc_column width=&#8221;1\/2&#8243;][vc_cta h2=&#8221;Y\u00f6netmelik&#8221; txt_align=&#8221;center&#8221; color=&#8221;turquoise&#8221;][\/vc_cta][vc_btn title=&#8221;Y\u00f6netmeli\u011fi Okumak \u0130\u00e7in T\u0131klay\u0131n\u0131z&#8221; style=&#8221;3d&#8221; color=&#8221;white&#8221; size=&#8221;lg&#8221; align=&#8221;center&#8221; button_block=&#8221;true&#8221; link=&#8221;url:https%3A%2F%2Fwww.mevzuat.gov.tr%2Fmevzuat%3FMevzuatNo%3D14217%26MevzuatTur%3D7%26MevzuatTertip%3D5||target:%20_blank|&#8221;][\/vc_column][vc_column width=&#8221;1\/2&#8243;][vc_cta h2=&#8221;Ba\u015fvuru Formu&#8221; txt_align=&#8221;center&#8221; color=&#8221;juicy-pink&#8221;][\/vc_cta][vc_btn title=&#8221;Formu \u0130ndirmek \u0130\u00e7in T\u0131klay\u0131n\u0131z&#8221; style=&#8221;3d&#8221; color=&#8221;white&#8221; size=&#8221;lg&#8221; align=&#8221;center&#8221; button_block=&#8221;true&#8221; link=&#8221;url:https%3A%2F%2Fccpb.com.tr%2Fwp%2Fwp-content%2Fuploads%2FMOD-NTNT-r-2-2023-01-31-NOTIFICATION-COMPLETE-ENG-TRK-1.doc|title:%C4%B0ndirin||&#8221;][\/vc_column][\/vc_row]\n","protected":false},"excerpt":{"rendered":"<p>[vc_row][vc_column width=&#8221;1\/2&#8243;][vc_cta h2=&#8221;CCPB Kontrol ve Sertifikasyon Sistemine Giri\u015f ve Ba\u015fvuru&#8221; color=&#8221;juicy-pink&#8221;]Her t\u00fcrl\u00fc tar\u0131msal \u00fcr\u00fcn ve g\u0131da \u00fcreticileri ve ithalat\/ihracat firmalar\u0131 \u00fcr\u00fcnleri, sistemleri, tesisleri ve sat\u0131\u015f yerleri i\u00e7in CCPB organik tar\u0131m kontrol sistemine giri\u015f ba\u015fvurusunda bulunabilir. CCPB Kontrol Hizmetleri\u2019nden faydalanmak i\u00e7in ba\u015fvuru yap\u0131l\u0131rken, CCPB taraf\u0131ndan haz\u0131rlanm\u0131\u015f olan uygun talep formu (Bu form, CCPB ofislerinden talep edilebilir [&hellip;]<\/p>\n","protected":false},"author":1,"featured_media":0,"parent":0,"menu_order":0,"comment_status":"closed","ping_status":"closed","template":"","meta":{"footnotes":""},"class_list":["post-13","page","type-page","status-publish","hentry"],"_links":{"self":[{"href":"https:\/\/ccpb.com.tr\/index.php\/wp-json\/wp\/v2\/pages\/13"}],"collection":[{"href":"https:\/\/ccpb.com.tr\/index.php\/wp-json\/wp\/v2\/pages"}],"about":[{"href":"https:\/\/ccpb.com.tr\/index.php\/wp-json\/wp\/v2\/types\/page"}],"author":[{"embeddable":true,"href":"https:\/\/ccpb.com.tr\/index.php\/wp-json\/wp\/v2\/users\/1"}],"replies":[{"embeddable":true,"href":"https:\/\/ccpb.com.tr\/index.php\/wp-json\/wp\/v2\/comments?post=13"}],"version-history":[{"count":6,"href":"https:\/\/ccpb.com.tr\/index.php\/wp-json\/wp\/v2\/pages\/13\/revisions"}],"predecessor-version":[{"id":3976,"href":"https:\/\/ccpb.com.tr\/index.php\/wp-json\/wp\/v2\/pages\/13\/revisions\/3976"}],"wp:attachment":[{"href":"https:\/\/ccpb.com.tr\/index.php\/wp-json\/wp\/v2\/media?parent=13"}],"curies":[{"name":"wp","href":"https:\/\/api.w.org\/{rel}","templated":true}]}}