{"id":15,"date":"2016-03-14T15:25:06","date_gmt":"2016-03-14T15:25:06","guid":{"rendered":"http:\/\/imcturk-deneme.esy.es\/?page_id=15"},"modified":"2024-01-23T13:00:02","modified_gmt":"2024-01-23T10:00:02","slug":"iletisim","status":"publish","type":"page","link":"https:\/\/ccpb.com.tr\/index.php\/iletisim\/","title":{"rendered":"\u0130leti\u015fim"},"content":{"rendered":"[vc_row][vc_column width=&#8221;1\/2&#8243;][vc_cta h2=&#8221;Adres&#8221; color=&#8221;turquoise&#8221;]\n<h4 style=\"text-align: center;\"><strong>Tacettin Veli\u00a0Mah. Deliklita\u015f Cad.<br \/>\nK\u0131na\u015f Sirius \u0130\u015f\u00a0Merkezi 12\/23<br \/>\nMelikgazi\u00a0\u2013 Kayseri\u00a0\/ T\u00dcRK\u0130YE<\/strong><\/h4>\n<h4 style=\"text-align: center;\"><strong>Tel:\u00a0\u00a00352 2325432<\/strong><\/h4>\n<h4 style=\"text-align: center;\"><strong>Faks:\u00a00352 2325535<\/strong><\/h4>\n<h4 style=\"text-align: center;\">ccpb@ccpb.com.tr<\/h4>\n[\/vc_cta][\/vc_column][vc_column width=&#8221;1\/2&#8243;][vc_single_image image=&#8221;3948&#8243; img_size=&#8221;400&#215;121&#8243; alignment=&#8221;center&#8221; style=&#8221;vc_box_shadow_3d&#8221;][vc_cta h2=&#8221;Web Sitelerimiz&#8221; txt_align=&#8221;center&#8221; color=&#8221;turquoise&#8221;]\n<h4 style=\"text-align: center;\"><\/h4>\n<h4 style=\"text-align: center;\"><a href=\"http:\/\/ccpb.com.tr\/wp\/index.php\/tr\/anasayfa\/\">www.ccpb.com.tr<\/a>\u00a0\/ <a href=\"http:\/\/www.ccpb.it\" target=\"_blank\" rel=\"noopener\">www.ccpb.it<\/a><\/h4>\n[\/vc_cta][\/vc_column][\/vc_row][vc_row][vc_column][vc_gmaps link=&#8221;#E-8_JTNDaWZyYW1lJTIwc3JjJTNEJTIyaHR0cHMlM0ElMkYlMkZ3d3cuZ29vZ2xlLmNvbSUyRm1hcHMlMkZlbWJlZCUzRnBiJTNEJTIxMW0xOCUyMTFtMTIlMjExbTMlMjExZDE1NTYuNjA4OTA1NTI0MzI5MiUyMTJkMzUuNDkyNjM2NTU4MDgzNDA0JTIxM2QzOC43MTI4MDc5OTQ4OTk5MSUyMTJtMyUyMTFmMCUyMTJmMCUyMTNmMCUyMTNtMiUyMTFpMTAyNCUyMTJpNzY4JTIxNGYxMy4xJTIxM20zJTIxMW0yJTIxMXMweDE1MmIxMjA5ZWU4ZTQ5OGIlMjUzQTB4ODAzZWMwMTY5N2ZlMGI1JTIxMnNUYWNldHRpbiUyQlZlbGklMjUyQyUyQkRlbGlrbGl0YSUyNUM1JTI1OUYlMkJDZC4lMkJObyUyNTNBMTIlMjUyQyUyQjM4MDUwJTJCTWVsaWtnYXppJTI1MkZLYXlzZXJpJTIxNWUwJTIxM20yJTIxMXN0ciUyMTJzdHIlMjE0djE0NzUwOTc2NDYwOTAlMjIlMjB3aWR0aCUzRCUyMjgwMCUyMiUyMGhlaWdodCUzRCUyMjYwMCUyMiUyMGZyYW1lYm9yZGVyJTNEJTIyMCUyMiUyMHN0eWxlJTNEJTIyYm9yZGVyJTNBMCUyMiUyMGFsbG93ZnVsbHNjcmVlbiUzRSUzQyUyRmlmcmFtZSUzRQ==&#8221; size=&#8221;200&#8243;][vc_separator color=&#8221;turquoise&#8221; style=&#8221;shadow&#8221; border_width=&#8221;3&#8243;][\/vc_column][\/vc_row]\n","protected":false},"excerpt":{"rendered":"<p>[vc_row][vc_column width=&#8221;1\/2&#8243;][vc_cta h2=&#8221;Adres&#8221; color=&#8221;turquoise&#8221;] Tacettin Veli\u00a0Mah. Deliklita\u015f Cad. K\u0131na\u015f Sirius \u0130\u015f\u00a0Merkezi 12\/23 Melikgazi\u00a0\u2013 Kayseri\u00a0\/ T\u00dcRK\u0130YE Tel:\u00a0\u00a00352 2325432 Faks:\u00a00352 2325535 ccpb@ccpb.com.tr [\/vc_cta][\/vc_column][vc_column width=&#8221;1\/2&#8243;][vc_single_image image=&#8221;3948&#8243; img_size=&#8221;400&#215;121&#8243; alignment=&#8221;center&#8221; style=&#8221;vc_box_shadow_3d&#8221;][vc_cta h2=&#8221;Web Sitelerimiz&#8221; txt_align=&#8221;center&#8221; color=&#8221;turquoise&#8221;] www.ccpb.com.tr\u00a0\/ www.ccpb.it [\/vc_cta][\/vc_column][\/vc_row][vc_row][vc_column][vc_gmaps link=&#8221;#E-8_JTNDaWZyYW1lJTIwc3JjJTNEJTIyaHR0cHMlM0ElMkYlMkZ3d3cuZ29vZ2xlLmNvbSUyRm1hcHMlMkZlbWJlZCUzRnBiJTNEJTIxMW0xOCUyMTFtMTIlMjExbTMlMjExZDE1NTYuNjA4OTA1NTI0MzI5MiUyMTJkMzUuNDkyNjM2NTU4MDgzNDA0JTIxM2QzOC43MTI4MDc5OTQ4OTk5MSUyMTJtMyUyMTFmMCUyMTJmMCUyMTNmMCUyMTNtMiUyMTFpMTAyNCUyMTJpNzY4JTIxNGYxMy4xJTIxM20zJTIxMW0yJTIxMXMweDE1MmIxMjA5ZWU4ZTQ5OGIlMjUzQTB4ODAzZWMwMTY5N2ZlMGI1JTIxMnNUYWNldHRpbiUyQlZlbGklMjUyQyUyQkRlbGlrbGl0YSUyNUM1JTI1OUYlMkJDZC4lMkJObyUyNTNBMTIlMjUyQyUyQjM4MDUwJTJCTWVsaWtnYXppJTI1MkZLYXlzZXJpJTIxNWUwJTIxM20yJTIxMXN0ciUyMTJzdHIlMjE0djE0NzUwOTc2NDYwOTAlMjIlMjB3aWR0aCUzRCUyMjgwMCUyMiUyMGhlaWdodCUzRCUyMjYwMCUyMiUyMGZyYW1lYm9yZGVyJTNEJTIyMCUyMiUyMHN0eWxlJTNEJTIyYm9yZGVyJTNBMCUyMiUyMGFsbG93ZnVsbHNjcmVlbiUzRSUzQyUyRmlmcmFtZSUzRQ==&#8221; size=&#8221;200&#8243;][vc_separator color=&#8221;turquoise&#8221; style=&#8221;shadow&#8221; border_width=&#8221;3&#8243;][\/vc_column][\/vc_row]<\/p>\n","protected":false},"author":1,"featured_media":0,"parent":0,"menu_order":0,"comment_status":"closed","ping_status":"closed","template":"","meta":{"footnotes":""},"class_list":["post-15","page","type-page","status-publish","hentry"],"_links":{"self":[{"href":"https:\/\/ccpb.com.tr\/index.php\/wp-json\/wp\/v2\/pages\/15"}],"collection":[{"href":"https:\/\/ccpb.com.tr\/index.php\/wp-json\/wp\/v2\/pages"}],"about":[{"href":"https:\/\/ccpb.com.tr\/index.php\/wp-json\/wp\/v2\/types\/page"}],"author":[{"embeddable":true,"href":"https:\/\/ccpb.com.tr\/index.php\/wp-json\/wp\/v2\/users\/1"}],"replies":[{"embeddable":true,"href":"https:\/\/ccpb.com.tr\/index.php\/wp-json\/wp\/v2\/comments?post=15"}],"version-history":[{"count":2,"href":"https:\/\/ccpb.com.tr\/index.php\/wp-json\/wp\/v2\/pages\/15\/revisions"}],"predecessor-version":[{"id":3949,"href":"https:\/\/ccpb.com.tr\/index.php\/wp-json\/wp\/v2\/pages\/15\/revisions\/3949"}],"wp:attachment":[{"href":"https:\/\/ccpb.com.tr\/index.php\/wp-json\/wp\/v2\/media?parent=15"}],"curies":[{"name":"wp","href":"https:\/\/api.w.org\/{rel}","templated":true}]}}