{"id":3607,"date":"2016-03-21T05:25:12","date_gmt":"2016-03-21T03:25:12","guid":{"rendered":"http:\/\/ccpb.com.tr\/wp\/?page_id=3607"},"modified":"2026-01-27T16:14:48","modified_gmt":"2026-01-27T13:14:48","slug":"yasal-bildirimler-3","status":"publish","type":"page","link":"https:\/\/ccpb.com.tr\/index.php\/hakkimizda\/yasal-bildirimler-3\/","title":{"rendered":"Yasal Bildirimler"},"content":{"rendered":"[vc_row][vc_column width=&#8221;1\/2&#8243;][vc_cta h2=&#8221;\u015eirket Bilgileri&#8221; color=&#8221;juicy-pink&#8221;]\n<ul>\n<li>\n<h5>\u015e\u0130RKET ADI:\u00a0 \u00a0 \u00a0 \u00a0 \u00a0 \u00a0 \u00a0 \u00a0 <strong>CCPB IMC KONTROL VE SERT\u0130F\u0130KASYON LTD \u015eT\u0130<\/strong><\/h5>\n<\/li>\n<li>\n<h5>GENEL M\u00dcD\u00dcR: \u00a0 \u00a0 \u00a0 \u00a0 \u00a0 Levent YILDIZ<\/h5>\n<\/li>\n<\/ul>\n<ul>\n<li>\n<h5>T\u0130CARET S\u0130C\u0130L NO: \u00a0 \u00a0 \u00a0 39843<\/h5>\n<\/li>\n<\/ul>\n<ul>\n<li>\n<h5>MERS\u0130S NUMARASI: \u00a0 \u00a0 0465031208400014<\/h5>\n<\/li>\n<\/ul>\n<ul>\n<li>\n<h5>\u00d6DENM\u0130\u015e SERMAYE: \u00a0 \u00a0150.000 TL<\/h5>\n<\/li>\n<\/ul>\n<ul>\n<li>\n<h5>G.NES\u0130BE\u00a0V.D. NO: \u00a0 \u00a0 \u00a0 \u00a04650312084<\/h5>\n<\/li>\n<\/ul>\n[\/vc_cta][\/vc_column][vc_column width=&#8221;1\/2&#8243;][vc_single_image image=&#8221;3544&#8243; img_size=&#8221;533&#215;300&#8243; alignment=&#8221;center&#8221; style=&#8221;vc_box_shadow_3d&#8221;][\/vc_column][\/vc_row]\n","protected":false},"excerpt":{"rendered":"<p>[vc_row][vc_column width=&#8221;1\/2&#8243;][vc_cta h2=&#8221;\u015eirket Bilgileri&#8221; color=&#8221;juicy-pink&#8221;] \u015e\u0130RKET ADI:\u00a0 \u00a0 \u00a0 \u00a0 \u00a0 \u00a0 \u00a0 \u00a0 CCPB IMC KONTROL VE SERT\u0130F\u0130KASYON LTD \u015eT\u0130 GENEL M\u00dcD\u00dcR: \u00a0 \u00a0 \u00a0 \u00a0 \u00a0 Levent YILDIZ T\u0130CARET S\u0130C\u0130L NO: \u00a0 \u00a0 \u00a0 39843 MERS\u0130S NUMARASI: \u00a0 \u00a0 0465031208400014 \u00d6DENM\u0130\u015e SERMAYE: \u00a0 \u00a0150.000 TL G.NES\u0130BE\u00a0V.D. NO: \u00a0 \u00a0 \u00a0 \u00a04650312084 [\/vc_cta][\/vc_column][vc_column width=&#8221;1\/2&#8243;][vc_single_image [&hellip;]<\/p>\n","protected":false},"author":1,"featured_media":0,"parent":25,"menu_order":0,"comment_status":"closed","ping_status":"closed","template":"","meta":{"footnotes":""},"class_list":["post-3607","page","type-page","status-publish","hentry"],"_links":{"self":[{"href":"https:\/\/ccpb.com.tr\/index.php\/wp-json\/wp\/v2\/pages\/3607"}],"collection":[{"href":"https:\/\/ccpb.com.tr\/index.php\/wp-json\/wp\/v2\/pages"}],"about":[{"href":"https:\/\/ccpb.com.tr\/index.php\/wp-json\/wp\/v2\/types\/page"}],"author":[{"embeddable":true,"href":"https:\/\/ccpb.com.tr\/index.php\/wp-json\/wp\/v2\/users\/1"}],"replies":[{"embeddable":true,"href":"https:\/\/ccpb.com.tr\/index.php\/wp-json\/wp\/v2\/comments?post=3607"}],"version-history":[{"count":1,"href":"https:\/\/ccpb.com.tr\/index.php\/wp-json\/wp\/v2\/pages\/3607\/revisions"}],"predecessor-version":[{"id":3940,"href":"https:\/\/ccpb.com.tr\/index.php\/wp-json\/wp\/v2\/pages\/3607\/revisions\/3940"}],"up":[{"embeddable":true,"href":"https:\/\/ccpb.com.tr\/index.php\/wp-json\/wp\/v2\/pages\/25"}],"wp:attachment":[{"href":"https:\/\/ccpb.com.tr\/index.php\/wp-json\/wp\/v2\/media?parent=3607"}],"curies":[{"name":"wp","href":"https:\/\/api.w.org\/{rel}","templated":true}]}}